{"id":725,"date":"2022-12-12T09:57:02","date_gmt":"2022-12-12T08:57:02","guid":{"rendered":"https:\/\/www.connerth.de\/ewk_wp\/?page_id=725"},"modified":"2025-02-03T17:21:34","modified_gmt":"2025-02-03T16:21:34","slug":"windkraft","status":"publish","type":"page","link":"https:\/\/www.energiewende-kirchheim.de\/?page_id=725","title":{"rendered":"Windkraft"},"content":{"rendered":"\n<p>Weitere allgemeine Infos zu Windkraft aus unserer Region &#8230;<\/p>\n\n\n\n<h2 class=\"wp-block-heading\">Weitere Faktenchecks aus unserer Umgebung:<\/h2>\n\n\n\n<p class=\"has-luminous-vivid-orange-color has-text-color\"><strong>Die Webseite der Energiewende Vaterstetten hat Infos auf der Webseite, rechts nach unten scrollen:<\/strong><\/p>\n\n\n\n<h2 class=\"has-luminous-vivid-amber-to-luminous-vivid-orange-gradient-background has-background wp-block-heading\"><strong> <a href=\"http:\/\/www.energiewende-vaterstetten.de\/\" target=\"_blank\" rel=\"noreferrer noopener\">ENERGIEWENDE VATERSTETTEN<\/a><\/strong><\/h2>\n\n\n\n<p class=\"has-luminous-vivid-amber-to-luminous-vivid-orange-gradient-background has-background has-medium-font-size\"><strong><a href=\"https:\/\/www.nzz.ch\/visuals\/windkraft-in-deutschland-grosse-versprechen-kleine-ertraege-ld.1710681?s=09\" target=\"_blank\" rel=\"noreferrer noopener\">Windkraft in Deutschland : Grosse Versprechen Kleine Ertr\u00e4ge<\/a><\/strong> <\/p>\n\n\n\n<h2 class=\"has-very-light-gray-to-cyan-bluish-gray-gradient-background has-background wp-block-heading\"><a href=\"https:\/\/www.windenergie-landkreis-muenchen.de\/News\/2269\/Neues-Faktenpapier-zur-Windenergie\" target=\"_blank\" rel=\"noreferrer noopener\">Faktenpapier zur Windenergie<\/a><\/h2>\n\n\n\n<h2 class=\"has-electric-grass-gradient-background has-background wp-block-heading\"><a href=\"https:\/\/www.energieatlas.bayern.de\/thema_wind\" target=\"_blank\" rel=\"noreferrer noopener\">Energieatlas BAYERN<\/a><\/h2>\n\n\n\n<p><\/p>\n\n\n\n<p><canvas width=\"1436\" height=\"817\"><\/canvas><\/p>\n\n\n\n<h2 class=\"wp-block-heading\">Windkraft in Deutschland:<br>Grosse Versprechen, kleine Ertr\u00e4ge<\/h2>\n\n\n\n<h2 class=\"wp-block-heading\"><a href=\"https:\/\/www.windenergie-landkreis-muenchen.de\/News\/2269\/Neues-Faktenpapier-zur-Windenergie\" target=\"_blank\" rel=\"noreferrer noopener\">Neues Faktenpapier zur Windenergie<\/a><\/h2>\n\n\n\n<p><\/p>\n\n\n\n<p><\/p>\n\n\n\n<p>Sind die Windr\u00e4der in Ihrer Umgebung gut ausgelastet? Finden Sie es hier heraus.<\/p>\n\n\n\n<p>Darum sind Windparks im S\u00fcden selten eine gute Idee.<\/p>\n\n\n\n<p><\/p>\n\n\n\n<p>Weiterscrollen f\u00fcr das n\u00e4chste Kapitel<\/p>\n\n\n\n<p><canvas width=\"1436\" height=\"817\"><\/canvas><\/p>\n\n\n\n<h2 class=\"wp-block-heading\"><a href=\"https:\/\/www.nzz.ch\/visuals\/windkraft-in-deutschland-grosse-versprechen-kleine-ertraege-ld.1710681?s=09\" target=\"_blank\" rel=\"noreferrer noopener\">Windkraft in Deutschland:<br>Grosse Versprechen, kleine Ertr\u00e4ge<\/a><\/h2>\n\n\n\n<div class=\"wp-block-group alignfull\"><div class=\"wp-block-group__inner-container is-layout-flow wp-block-group-is-layout-flow\">\n<div class=\"wp-block-group alignwide is-content-justification-space-between is-layout-flex wp-container-core-group-is-layout-a47d9a20 wp-block-group-is-layout-flex\" style=\"padding-top:2em;padding-bottom:2em\">\n<p>Hier werden einige falsche Behauptungen von Windkraft-Gegnern widerlegt.<\/p>\n<p>Hier ein paar Beispiele aus dem Dokument:<\/p>\n<p>Windenergie ist eine vergleichsweise sanfte Form der Energieerzeugung mit geringen Auswirkungen auf Schutzg\u00fcter:<br>&#8211; emissionsfreier Betrieb &amp; niedrige Emissionsfaktoren (unter 15 g CO2e\/kWh) bei Ber\u00fccksichtigung von Herstellung und Material<br>&#8211; nur 3 bis 6 Monate, bis der Energieaufwand zur Herstellung der Anlage amortisiert ist strenge Anforderungen an Immissions-, Natur- und Artenschutz<br>&#8211; geringer Fl\u00e4chenbedarf bei gleichzeitig hoher Energieerzeugung R\u00fcckbau nach Stilllegung gesetzlich vorgeschrieben mit finanziell abgesicherter R\u00fcckbauverpflichtung<\/p>\n<p>INFRASCHALL<br>Infraschall ist tieffrequenter, nicht h\u00f6rbarer Schall, der f\u00fcr den Menschen nur bei sehr hohen Schalldruckpegeln \u00fcberhaupt wahrnehmbar ist.<br>Infraschallquellen k\u00f6nnen nat\u00fcrlicher oder technischer Natur sein, z. B. Meeresbrandung, Klimaanlagen, Autos, Heizung, Waschmaschine, windumstr\u00f6mte B\u00e4ume oder sogar H\u00e4user.<br>Die Schalldruckpegel des von Windenergieanlagen ausgehenden Infraschalls liegen schon bei sehr niedrigen Abst\u00e4nden weit unterhalb der Wahrnehmbarkeitsschwelle.<br>Ein kausaler Zusammenhang zwischen Infraschall und Krankheiten oder gesundheitlichen Problemen ist wissenschaftlich nicht belegt<\/p>\n<p>WALD UND KLIMASCHUTZ<br>F\u00fcr die Errichtung von Windr\u00e4dern an Waldstandorten muss Forstfl\u00e4che gerodet werden. Die Fl\u00e4che, die dauerhaft freizuhalten ist, betr\u00e4gt ca. 2.500 &#8211; 3.000 m2 je Anlage.<br>Dieser Eingriff wird durch Wiederaufforstungen an anderer Stelle ausgeglichen.<br>Zum Vergleich: Auf einem Hektar Wirtschaftswald \u2013 dies entspricht der Fl\u00e4che von etwas mehr als drei Windenergieanlagen (\u00e0 0,3 Hektar) \u2013 werden im Laufe von 20 Jahren etwa 220 Tonnen CO2 gebunden.<br>Drei Windenergieanlagen verhindern im Laufe von 20 Jahren dagegen die Freisetzung von \u00fcber 250.000 Tonnen CO2e.<br>Die bilanzielle Klimaschutzwirkung durch bayrische Windenergieanlagen ist um mehr als den Faktor 1.000 h\u00f6her als durch den Wald.<\/p>\n<\/div>\n<\/div><\/div>\n\n\n\n<ul class=\"wp-block-list\">\n<li><a style=\"display: inline; cursor: pointer; font-size: 1.25rem; letter-spacing: inherit; text-transform: inherit; border-style: solid; margin-right: auto; margin-left: auto; font-style: initial; user-select: none; text-align: inherit; border-radius: 0px; align-self: flex-start; stroke: none; background-image: none; color: #111111 !important; border-color: transparent !important;\" href=\"https:\/\/youtu.be\/cviOWSMrCUI\" target=\"_blank\" rel=\"noopener\"><span style=\"color: #3366ff;\">Windpark Handalm&nbsp; Steiermark&nbsp;<\/span><br><\/a><\/li>\n\n\n\n<li><span style=\"color: #3366ff;\"><a style=\"display: inline; cursor: pointer; font-size: 1.125rem; letter-spacing: inherit; text-transform: inherit; border-style: none; font-style: initial; user-select: none; text-align: inherit; border-radius: 0px; align-self: flex-start; stroke: none; background-image: none; color: #3366ff; border-color: transparent !important;\" href=\"https:\/\/youtu.be\/nZIwjmTuW_4\" target=\"_blank\" rel=\"noopener\">WINDKRAFT: HABECK und Lemke bringen frischen Wind<\/a><\/span><\/li>\n<\/ul>\n","protected":false},"excerpt":{"rendered":"<p>Weitere allgemeine Infos zu Windkraft aus unserer Region &#8230; Weitere Faktenchecks aus unserer Umgebung: Die Webseite der Energiewende Vaterstetten hat Infos auf der Webseite, rechts nach unten scrollen: ENERGIEWENDE VATERSTETTEN [&hellip;]<\/p>\n","protected":false},"author":2,"featured_media":0,"parent":0,"menu_order":0,"comment_status":"closed","ping_status":"closed","template":"","meta":{"footnotes":""},"class_list":["post-725","page","type-page","status-publish","hentry","entry"],"_links":{"self":[{"href":"https:\/\/www.energiewende-kirchheim.de\/index.php?rest_route=\/wp\/v2\/pages\/725","targetHints":{"allow":["GET"]}}],"collection":[{"href":"https:\/\/www.energiewende-kirchheim.de\/index.php?rest_route=\/wp\/v2\/pages"}],"about":[{"href":"https:\/\/www.energiewende-kirchheim.de\/index.php?rest_route=\/wp\/v2\/types\/page"}],"author":[{"embeddable":true,"href":"https:\/\/www.energiewende-kirchheim.de\/index.php?rest_route=\/wp\/v2\/users\/2"}],"replies":[{"embeddable":true,"href":"https:\/\/www.energiewende-kirchheim.de\/index.php?rest_route=%2Fwp%2Fv2%2Fcomments&post=725"}],"version-history":[{"count":22,"href":"https:\/\/www.energiewende-kirchheim.de\/index.php?rest_route=\/wp\/v2\/pages\/725\/revisions"}],"predecessor-version":[{"id":871,"href":"https:\/\/www.energiewende-kirchheim.de\/index.php?rest_route=\/wp\/v2\/pages\/725\/revisions\/871"}],"wp:attachment":[{"href":"https:\/\/www.energiewende-kirchheim.de\/index.php?rest_route=%2Fwp%2Fv2%2Fmedia&parent=725"}],"curies":[{"name":"wp","href":"https:\/\/api.w.org\/{rel}","templated":true}]}}