{"id":47,"date":"2022-10-09T11:16:29","date_gmt":"2022-10-09T09:16:29","guid":{"rendered":"https:\/\/krummeck.ddns.net\/wordpress\/?page_id=47"},"modified":"2023-09-06T14:23:22","modified_gmt":"2023-09-06T12:23:22","slug":"news","status":"publish","type":"page","link":"https:\/\/www.energiewende-kirchheim.de\/?page_id=47","title":{"rendered":"Beitr\u00e4ge"},"content":{"rendered":"\n<div class=\"wp-block-group\"><div class=\"wp-block-group__inner-container is-layout-flow wp-block-group-is-layout-flow\"><h2 class=\"wp-block-post-title\">Beitr\u00e4ge<\/h2>\n\n\n<h2 class=\"wp-block-heading\"><a href=\"https:\/\/www.sueddeutsche.de\/muenchen\/landkreismuenchen\/garching-bayern-windkraft-csu-kommentar-1.5752987\" target=\"_blank\" rel=\"noreferrer noopener\">Schluss mit der Blockadehaltung bei Windkraft SZ Artikel<\/a><\/h2>\n<\/div><\/div>\n\n\n\n<h2 class=\"wp-block-heading\"><br>Aufhebung der Einspeisebegrenzung (EnSiG 3.0)<br><br>Am 7. Oktober 2022 hat der Bundesrat die Novelle des Energiesicherungsgesetzes \u2013 EnSiG 3.0 \u2013 final beschlossen. Die wichtigste \u00c4nderung aus Sicht der PV-Anlagenbetreiber: Die pauschale Begrenzung der Einspeiseleistung auf 70 % der installierten PV-Leistung f\u00e4llt f\u00fcr neue und f\u00fcr einen Teil der Bestandsanlagen weg.<br><br>Eine nicht gedrosselte Einspeisung ins Netz ist k\u00fcnftig nach dem EnSiG 3.0 m\u00f6glich f\u00fcr:<br><br>Systeme mit einem Inbetriebnahme-Datum ab dem 15.09.2022<br><br>Alle Bestandssysteme mit einer installierten Leistung von maximal 7 kWp<br><br>Bestandssysteme mit&nbsp;Inbetriebnahme vor dem 15.09.2022&nbsp;und mit einer installierten Leistung&nbsp;von mehr als 7 kWp und bis 25 kWp \u2013&nbsp;allerdings erst nach dem&nbsp;Einbau eines intelligenten Messystems&nbsp;(iMSys). F\u00fcr die Aufhebung ist bei diesen Anlagen zudem eine offizielle Best\u00e4tigung des zust\u00e4ndigen Netzbetreibers erforderlich.<br>&nbsp;<\/h2>\n\n\n","protected":false},"excerpt":{"rendered":"<p>Schluss mit der Blockadehaltung bei Windkraft SZ Artikel Aufhebung der Einspeisebegrenzung (EnSiG 3.0) Am 7. Oktober 2022 hat der Bundesrat die Novelle des Energiesicherungsgesetzes \u2013 EnSiG 3.0 \u2013 final beschlossen. [&hellip;]<\/p>\n","protected":false},"author":2,"featured_media":0,"parent":0,"menu_order":0,"comment_status":"closed","ping_status":"closed","template":"","meta":{"footnotes":""},"class_list":["post-47","page","type-page","status-publish","hentry","entry"],"_links":{"self":[{"href":"https:\/\/www.energiewende-kirchheim.de\/index.php?rest_route=\/wp\/v2\/pages\/47","targetHints":{"allow":["GET"]}}],"collection":[{"href":"https:\/\/www.energiewende-kirchheim.de\/index.php?rest_route=\/wp\/v2\/pages"}],"about":[{"href":"https:\/\/www.energiewende-kirchheim.de\/index.php?rest_route=\/wp\/v2\/types\/page"}],"author":[{"embeddable":true,"href":"https:\/\/www.energiewende-kirchheim.de\/index.php?rest_route=\/wp\/v2\/users\/2"}],"replies":[{"embeddable":true,"href":"https:\/\/www.energiewende-kirchheim.de\/index.php?rest_route=%2Fwp%2Fv2%2Fcomments&post=47"}],"version-history":[{"count":75,"href":"https:\/\/www.energiewende-kirchheim.de\/index.php?rest_route=\/wp\/v2\/pages\/47\/revisions"}],"predecessor-version":[{"id":1054,"href":"https:\/\/www.energiewende-kirchheim.de\/index.php?rest_route=\/wp\/v2\/pages\/47\/revisions\/1054"}],"wp:attachment":[{"href":"https:\/\/www.energiewende-kirchheim.de\/index.php?rest_route=%2Fwp%2Fv2%2Fmedia&parent=47"}],"curies":[{"name":"wp","href":"https:\/\/api.w.org\/{rel}","templated":true}]}}