{"id":267,"date":"2022-10-11T08:05:12","date_gmt":"2022-10-11T06:05:12","guid":{"rendered":"https:\/\/krummeck.ddns.net\/wordpress\/?page_id=267"},"modified":"2023-02-19T13:25:34","modified_gmt":"2023-02-19T12:25:34","slug":"ladesaeulen","status":"publish","type":"page","link":"https:\/\/www.energiewende-kirchheim.de\/?page_id=267","title":{"rendered":"Lades\u00e4ulen"},"content":{"rendered":"\n<h2 class=\"wp-block-heading\"><a href=\"https:\/\/www.rez.de\/news_de\/eintrag\/enbwschnellladestation_im_rez\" target=\"_blank\" rel=\"noreferrer noopener\">EnBW-Schnellladestation im REZ<\/a><\/h2>\n\n\n\n<h2 class=\"wp-block-heading\"><a href=\"https:\/\/www.rez.de\/news_de\/eintrag\/eladepunkte_in_reztg\" target=\"_blank\" rel=\"noreferrer noopener\">E-Ladepunkte in REZ-Tiefgarage<\/a><\/h2>\n\n\n\n<div class=\"wp-block-media-text alignwide is-stacked-on-mobile\" style=\"grid-template-columns:57% auto\"><figure class=\"wp-block-media-text__media\"><a href=\"https:\/\/www.kirchheim-heimstetten.de\/e-ladesaeulen-in-der-gemeinde-kirchheim\/\" target=\"_blank\" rel=\"noreferrer noopener\"><img loading=\"lazy\" decoding=\"async\" width=\"552\" height=\"366\" src=\"https:\/\/krummeck.ddns.net\/wordpress\/wp-content\/uploads\/2022\/10\/Screenshot-2022-10-11-082221.png\" alt=\"\" class=\"wp-image-280 size-full\" srcset=\"https:\/\/www.energiewende-kirchheim.de\/wp-content\/uploads\/2022\/10\/Screenshot-2022-10-11-082221.png 552w, https:\/\/www.energiewende-kirchheim.de\/wp-content\/uploads\/2022\/10\/Screenshot-2022-10-11-082221-300x199.png 300w\" sizes=\"auto, (max-width: 552px) 100vw, 552px\" \/><\/a><\/figure><div class=\"wp-block-media-text__content\">\n<h2 class=\"wp-block-heading\"><strong>Lades\u00e4ulen in Kirchheim<\/strong><\/h2>\n\n\n\n<h2 class=\"wp-block-heading\">je 2 Ladepunkten mit Typ 2-Anschl\u00fcssen <\/h2>\n\n\n\n<h2 class=\"wp-block-heading\">22 kWh<\/h2>\n\n\n\n<h3 class=\"wp-block-heading\" id=\"site-title\"><a href=\"https:\/\/www.goingelectric.de\/stromtankstellen\/Deutschland\/Kirchheim-bei-Muenchen\/\" target=\"_blank\" rel=\"noreferrer noopener\">GoingElectric<\/a><\/h3>\n\n\n\n<p><strong>Stromtankstellen  Kirchheim Verzeichnis<\/strong><\/p>\n\n\n\n<p><\/p>\n\n\n\n<p><\/p>\n\n\n\n<p><\/p>\n\n\n\n<p><\/p>\n\n\n\n<p><\/p>\n\n\n\n<p><\/p>\n<\/div><\/div>\n\n\n\n<h2 class=\"wp-block-heading\">.<\/h2>\n\n\n\n<h2 class=\"wp-block-heading\"><a href=\"https:\/\/www.goingelectric.de\/stromtankstellen\/statistik\/Deutschland\/\" target=\"_blank\" rel=\"noreferrer noopener\">Stromtankstellen Statistik  D<\/a><\/h2>\n\n\n\n<h2 class=\"wp-block-heading\">.<\/h2>\n\n\n\n<h2 class=\"wp-block-heading\">WER SUCHT, DER FINDET &#8230; Lades\u00e4ulen<\/h2>\n\n\n\n<div class=\"wp-block-media-text alignwide is-stacked-on-mobile\"><figure class=\"wp-block-media-text__media\"><img loading=\"lazy\" decoding=\"async\" width=\"750\" height=\"736\" src=\"https:\/\/www.connerth.de\/ewk_wp\/wp-content\/uploads\/2023\/01\/Poing-LS1.jpg\" alt=\"\" class=\"wp-image-806 size-full\" srcset=\"https:\/\/www.energiewende-kirchheim.de\/wp-content\/uploads\/2023\/01\/Poing-LS1.jpg 750w, https:\/\/www.energiewende-kirchheim.de\/wp-content\/uploads\/2023\/01\/Poing-LS1-300x294.jpg 300w, https:\/\/www.energiewende-kirchheim.de\/wp-content\/uploads\/2023\/01\/Poing-LS1-24x24.jpg 24w, https:\/\/www.energiewende-kirchheim.de\/wp-content\/uploads\/2023\/01\/Poing-LS1-36x36.jpg 36w, https:\/\/www.energiewende-kirchheim.de\/wp-content\/uploads\/2023\/01\/Poing-LS1-48x48.jpg 48w\" sizes=\"auto, (max-width: 750px) 100vw, 750px\" \/><\/figure><div class=\"wp-block-media-text__content\">\n<h2 class=\"wp-block-heading\">POING, Friedensstr. 0, beim Bahnhof, im Parkhaus <\/h2>\n\n\n\n<h2 class=\"wp-block-heading\">2 x 22 kWh<\/h2>\n\n\n\n<figure class=\"wp-block-image size-full is-resized\"><img loading=\"lazy\" decoding=\"async\" src=\"https:\/\/www.connerth.de\/ewk_wp\/wp-content\/uploads\/2023\/01\/Poing-LS2.jpg\" alt=\"\" class=\"wp-image-807\" width=\"277\" height=\"207\" srcset=\"https:\/\/www.energiewende-kirchheim.de\/wp-content\/uploads\/2023\/01\/Poing-LS2.jpg 1000w, https:\/\/www.energiewende-kirchheim.de\/wp-content\/uploads\/2023\/01\/Poing-LS2-300x225.jpg 300w, https:\/\/www.energiewende-kirchheim.de\/wp-content\/uploads\/2023\/01\/Poing-LS2-768x576.jpg 768w, https:\/\/www.energiewende-kirchheim.de\/wp-content\/uploads\/2023\/01\/Poing-LS2-24x18.jpg 24w, https:\/\/www.energiewende-kirchheim.de\/wp-content\/uploads\/2023\/01\/Poing-LS2-36x27.jpg 36w, https:\/\/www.energiewende-kirchheim.de\/wp-content\/uploads\/2023\/01\/Poing-LS2-48x36.jpg 48w\" sizes=\"auto, (max-width: 277px) 100vw, 277px\" \/><\/figure>\n\n\n\n<figure class=\"wp-block-image size-large is-resized\"><img loading=\"lazy\" decoding=\"async\" src=\"https:\/\/www.connerth.de\/ewk_wp\/wp-content\/uploads\/2023\/01\/Poing-LS3-473x1024.jpg\" alt=\"\" class=\"wp-image-808\" width=\"253\" height=\"547\" srcset=\"https:\/\/www.energiewende-kirchheim.de\/wp-content\/uploads\/2023\/01\/Poing-LS3-473x1024.jpg 473w, https:\/\/www.energiewende-kirchheim.de\/wp-content\/uploads\/2023\/01\/Poing-LS3-11x24.jpg 11w, https:\/\/www.energiewende-kirchheim.de\/wp-content\/uploads\/2023\/01\/Poing-LS3-17x36.jpg 17w, https:\/\/www.energiewende-kirchheim.de\/wp-content\/uploads\/2023\/01\/Poing-LS3-22x48.jpg 22w, https:\/\/www.energiewende-kirchheim.de\/wp-content\/uploads\/2023\/01\/Poing-LS3.jpg 540w\" sizes=\"auto, (max-width: 253px) 100vw, 253px\" \/><\/figure>\n<\/div><\/div>\n\n\n\n<div class=\"wp-block-media-text alignwide is-stacked-on-mobile\"><figure class=\"wp-block-media-text__media\"><img loading=\"lazy\" decoding=\"async\" width=\"762\" height=\"956\" src=\"https:\/\/www.connerth.de\/ewk_wp\/wp-content\/uploads\/2023\/01\/Auer-LS1.jpg\" alt=\"\" class=\"wp-image-809 size-full\" srcset=\"https:\/\/www.energiewende-kirchheim.de\/wp-content\/uploads\/2023\/01\/Auer-LS1.jpg 762w, https:\/\/www.energiewende-kirchheim.de\/wp-content\/uploads\/2023\/01\/Auer-LS1-239x300.jpg 239w, https:\/\/www.energiewende-kirchheim.de\/wp-content\/uploads\/2023\/01\/Auer-LS1-19x24.jpg 19w, https:\/\/www.energiewende-kirchheim.de\/wp-content\/uploads\/2023\/01\/Auer-LS1-29x36.jpg 29w, https:\/\/www.energiewende-kirchheim.de\/wp-content\/uploads\/2023\/01\/Auer-LS1-38x48.jpg 38w\" sizes=\"auto, (max-width: 762px) 100vw, 762px\" \/><\/figure><div class=\"wp-block-media-text__content\">\n<p><\/p>\n\n\n\n<h2 class=\"wp-block-heading\">Parsdorf, Fa AUER    2x 22 kWh<\/h2>\n\n\n\n<figure class=\"wp-block-image size-full is-resized\"><img loading=\"lazy\" decoding=\"async\" src=\"https:\/\/www.connerth.de\/ewk_wp\/wp-content\/uploads\/2023\/01\/Auer-LS2.jpg\" alt=\"\" class=\"wp-image-810\" width=\"331\" height=\"718\" srcset=\"https:\/\/www.energiewende-kirchheim.de\/wp-content\/uploads\/2023\/01\/Auer-LS2.jpg 324w, https:\/\/www.energiewende-kirchheim.de\/wp-content\/uploads\/2023\/01\/Auer-LS2-138x300.jpg 138w, https:\/\/www.energiewende-kirchheim.de\/wp-content\/uploads\/2023\/01\/Auer-LS2-11x24.jpg 11w, https:\/\/www.energiewende-kirchheim.de\/wp-content\/uploads\/2023\/01\/Auer-LS2-17x36.jpg 17w, https:\/\/www.energiewende-kirchheim.de\/wp-content\/uploads\/2023\/01\/Auer-LS2-22x48.jpg 22w\" sizes=\"auto, (max-width: 331px) 100vw, 331px\" \/><figcaption class=\"wp-element-caption\"><strong>IM Betriebshof, nicht 100 %ig verf\u00fcgbar.<\/strong><\/figcaption><\/figure>\n<\/div><\/div>\n\n\n\n<div class=\"wp-block-media-text alignwide is-stacked-on-mobile\" style=\"grid-template-columns:53% auto\"><figure class=\"wp-block-media-text__media\"><img loading=\"lazy\" decoding=\"async\" width=\"778\" height=\"799\" src=\"https:\/\/www.connerth.de\/ewk_wp\/wp-content\/uploads\/2023\/01\/Grub-Ladesaeule-1.jpg\" alt=\"\" class=\"wp-image-811 size-full\" srcset=\"https:\/\/www.energiewende-kirchheim.de\/wp-content\/uploads\/2023\/01\/Grub-Ladesaeule-1.jpg 778w, https:\/\/www.energiewende-kirchheim.de\/wp-content\/uploads\/2023\/01\/Grub-Ladesaeule-1-292x300.jpg 292w, https:\/\/www.energiewende-kirchheim.de\/wp-content\/uploads\/2023\/01\/Grub-Ladesaeule-1-768x789.jpg 768w, https:\/\/www.energiewende-kirchheim.de\/wp-content\/uploads\/2023\/01\/Grub-Ladesaeule-1-24x24.jpg 24w, https:\/\/www.energiewende-kirchheim.de\/wp-content\/uploads\/2023\/01\/Grub-Ladesaeule-1-36x36.jpg 36w, https:\/\/www.energiewende-kirchheim.de\/wp-content\/uploads\/2023\/01\/Grub-Ladesaeule-1-48x48.jpg 48w\" sizes=\"auto, (max-width: 778px) 100vw, 778px\" \/><\/figure><div class=\"wp-block-media-text__content\">\n<h2 class=\"wp-block-heading\"><strong>GRUB, S-Bahn Parkplatz,    2 x 22k W S\u00e4ule<\/strong><\/h2>\n\n\n\n<figure class=\"wp-block-image size-full is-resized\"><img loading=\"lazy\" decoding=\"async\" src=\"https:\/\/www.connerth.de\/ewk_wp\/wp-content\/uploads\/2023\/01\/Grub-Ladesaeule-2.jpg\" alt=\"\" class=\"wp-image-812\" width=\"252\" height=\"300\" srcset=\"https:\/\/www.energiewende-kirchheim.de\/wp-content\/uploads\/2023\/01\/Grub-Ladesaeule-2.jpg 808w, https:\/\/www.energiewende-kirchheim.de\/wp-content\/uploads\/2023\/01\/Grub-Ladesaeule-2-252x300.jpg 252w, https:\/\/www.energiewende-kirchheim.de\/wp-content\/uploads\/2023\/01\/Grub-Ladesaeule-2-768x914.jpg 768w, https:\/\/www.energiewende-kirchheim.de\/wp-content\/uploads\/2023\/01\/Grub-Ladesaeule-2-20x24.jpg 20w, https:\/\/www.energiewende-kirchheim.de\/wp-content\/uploads\/2023\/01\/Grub-Ladesaeule-2-30x36.jpg 30w, https:\/\/www.energiewende-kirchheim.de\/wp-content\/uploads\/2023\/01\/Grub-Ladesaeule-2-40x48.jpg 40w\" sizes=\"auto, (max-width: 252px) 100vw, 252px\" \/><\/figure>\n\n\n\n<figure class=\"wp-block-image size-large is-resized\"><img loading=\"lazy\" decoding=\"async\" src=\"https:\/\/www.connerth.de\/ewk_wp\/wp-content\/uploads\/2023\/01\/Grub-Ladesaeule-3-1-473x1024.jpg\" alt=\"\" class=\"wp-image-815\" width=\"349\" height=\"756\" srcset=\"https:\/\/www.energiewende-kirchheim.de\/wp-content\/uploads\/2023\/01\/Grub-Ladesaeule-3-1-473x1024.jpg 473w, https:\/\/www.energiewende-kirchheim.de\/wp-content\/uploads\/2023\/01\/Grub-Ladesaeule-3-1-138x300.jpg 138w, https:\/\/www.energiewende-kirchheim.de\/wp-content\/uploads\/2023\/01\/Grub-Ladesaeule-3-1-768x1664.jpg 768w, https:\/\/www.energiewende-kirchheim.de\/wp-content\/uploads\/2023\/01\/Grub-Ladesaeule-3-1-709x1536.jpg 709w, https:\/\/www.energiewende-kirchheim.de\/wp-content\/uploads\/2023\/01\/Grub-Ladesaeule-3-1-945x2048.jpg 945w, https:\/\/www.energiewende-kirchheim.de\/wp-content\/uploads\/2023\/01\/Grub-Ladesaeule-3-1-11x24.jpg 11w, https:\/\/www.energiewende-kirchheim.de\/wp-content\/uploads\/2023\/01\/Grub-Ladesaeule-3-1-17x36.jpg 17w, https:\/\/www.energiewende-kirchheim.de\/wp-content\/uploads\/2023\/01\/Grub-Ladesaeule-3-1-22x48.jpg 22w, https:\/\/www.energiewende-kirchheim.de\/wp-content\/uploads\/2023\/01\/Grub-Ladesaeule-3-1.jpg 1080w\" sizes=\"auto, (max-width: 349px) 100vw, 349px\" \/><\/figure>\n<\/div><\/div>\n\n\n\n<div class=\"wp-block-media-text alignwide is-stacked-on-mobile\"><figure class=\"wp-block-media-text__media\"><img loading=\"lazy\" decoding=\"async\" width=\"642\" height=\"512\" src=\"https:\/\/www.connerth.de\/ewk_wp\/wp-content\/uploads\/2023\/01\/baywa-poing.jpg\" alt=\"\" class=\"wp-image-827 size-full\" srcset=\"https:\/\/www.energiewende-kirchheim.de\/wp-content\/uploads\/2023\/01\/baywa-poing.jpg 642w, https:\/\/www.energiewende-kirchheim.de\/wp-content\/uploads\/2023\/01\/baywa-poing-300x239.jpg 300w, https:\/\/www.energiewende-kirchheim.de\/wp-content\/uploads\/2023\/01\/baywa-poing-24x19.jpg 24w, https:\/\/www.energiewende-kirchheim.de\/wp-content\/uploads\/2023\/01\/baywa-poing-36x29.jpg 36w, https:\/\/www.energiewende-kirchheim.de\/wp-content\/uploads\/2023\/01\/baywa-poing-48x38.jpg 48w\" sizes=\"auto, (max-width: 642px) 100vw, 642px\" \/><\/figure><div class=\"wp-block-media-text__content\">\n<h2 class=\"wp-block-heading\">BAYWA POING    Gruber Stra\u00dfe  60B   85586&nbsp;<a href=\"https:\/\/de.chargemap.com\/cities\/poing-DE\">Poing<\/a><\/h2>\n\n\n\n<h2 class=\"wp-block-heading\">GRATIS LADEN   11 kWh (?)<br> Lenkers-S\u00e4ule mit zwei Anschl\u00fcssen und Schl\u00fcsselschalter.<br>Derzeit funktioniert nur die rechte Seite der S\u00e4ule (1 Typ2 und 1 Schuko). Ob die linke Seite (gleiche Konfiguration wie rechts) jemals funktionieren wird ist unklar.  Freischaltung durch Personal an der BayWa Information. Abziehen ohne Schl\u00fcssel m\u00f6glich.<\/h2>\n<\/div><\/div>\n\n\n\n<div class=\"wp-block-media-text alignwide is-stacked-on-mobile\"><figure class=\"wp-block-media-text__media\"><img loading=\"lazy\" decoding=\"async\" width=\"484\" height=\"404\" src=\"https:\/\/www.connerth.de\/ewk_wp\/wp-content\/uploads\/2023\/01\/MC-Kirchheim.jpg\" alt=\"\" class=\"wp-image-829 size-full\" srcset=\"https:\/\/www.energiewende-kirchheim.de\/wp-content\/uploads\/2023\/01\/MC-Kirchheim.jpg 484w, https:\/\/www.energiewende-kirchheim.de\/wp-content\/uploads\/2023\/01\/MC-Kirchheim-300x250.jpg 300w, https:\/\/www.energiewende-kirchheim.de\/wp-content\/uploads\/2023\/01\/MC-Kirchheim-24x20.jpg 24w, https:\/\/www.energiewende-kirchheim.de\/wp-content\/uploads\/2023\/01\/MC-Kirchheim-36x30.jpg 36w, https:\/\/www.energiewende-kirchheim.de\/wp-content\/uploads\/2023\/01\/MC-Kirchheim-48x40.jpg 48w\" sizes=\"auto, (max-width: 484px) 100vw, 484px\" \/><\/figure><div class=\"wp-block-media-text__content\">\n<h2 class=\"wp-block-heading\">McDonalds    Fraunhoferstra\u00dfe 1   <br>85551&nbsp;<a href=\"https:\/\/www.goingelectric.de\/stromtankstellen\/Deutschland\/Kirchheim-bei-Muenchen\/\">Kirchheim bei M\u00fcnchen<\/a><br><a href=\"https:\/\/www.goingelectric.de\/stromtankstellen\/Deutschland\/\">Deutschland<\/a>   <a href=\"tel:+498990901870\">+49 89 90901870<\/a>    <strong>Laden kostenlos<\/strong>  Parken kostenlos Spontanladen (adhoc) ohne vorherige Registrierung ist hier m\u00f6glich  Keine Angaben zu Freischalt- oder Bezahlmethoden <\/h2>\n\n\n\n<p>Schuko&nbsp;#2877<br>2.3 kW (230 Volt, 10 Ampere)<\/p>\n\n\n\n<p>CEE Rot&nbsp;#2878<br>22 kW (400 Volt, 32 Ampere)<\/p>\n\n\n\n<p><\/p>\n<\/div><\/div>\n\n\n\n<h2 class=\"wp-block-heading\"><\/h2>\n","protected":false},"excerpt":{"rendered":"<p>EnBW-Schnellladestation im REZ E-Ladepunkte in REZ-Tiefgarage Lades\u00e4ulen in Kirchheim je 2 Ladepunkten mit Typ 2-Anschl\u00fcssen 22 kWh GoingElectric Stromtankstellen Kirchheim Verzeichnis . Stromtankstellen Statistik D . WER SUCHT, DER FINDET [&hellip;]<\/p>\n","protected":false},"author":2,"featured_media":0,"parent":0,"menu_order":0,"comment_status":"closed","ping_status":"closed","template":"","meta":{"footnotes":""},"class_list":["post-267","page","type-page","status-publish","hentry","entry"],"_links":{"self":[{"href":"https:\/\/www.energiewende-kirchheim.de\/index.php?rest_route=\/wp\/v2\/pages\/267","targetHints":{"allow":["GET"]}}],"collection":[{"href":"https:\/\/www.energiewende-kirchheim.de\/index.php?rest_route=\/wp\/v2\/pages"}],"about":[{"href":"https:\/\/www.energiewende-kirchheim.de\/index.php?rest_route=\/wp\/v2\/types\/page"}],"author":[{"embeddable":true,"href":"https:\/\/www.energiewende-kirchheim.de\/index.php?rest_route=\/wp\/v2\/users\/2"}],"replies":[{"embeddable":true,"href":"https:\/\/www.energiewende-kirchheim.de\/index.php?rest_route=%2Fwp%2Fv2%2Fcomments&post=267"}],"version-history":[{"count":31,"href":"https:\/\/www.energiewende-kirchheim.de\/index.php?rest_route=\/wp\/v2\/pages\/267\/revisions"}],"predecessor-version":[{"id":1053,"href":"https:\/\/www.energiewende-kirchheim.de\/index.php?rest_route=\/wp\/v2\/pages\/267\/revisions\/1053"}],"wp:attachment":[{"href":"https:\/\/www.energiewende-kirchheim.de\/index.php?rest_route=%2Fwp%2Fv2%2Fmedia&parent=267"}],"curies":[{"name":"wp","href":"https:\/\/api.w.org\/{rel}","templated":true}]}}