{"id":1346,"date":"2025-02-03T19:25:04","date_gmt":"2025-02-03T18:25:04","guid":{"rendered":"https:\/\/www.energiewende-kirchheim.de\/?page_id=1346"},"modified":"2025-02-03T19:25:04","modified_gmt":"2025-02-03T18:25:04","slug":"neues","status":"publish","type":"page","link":"https:\/\/www.energiewende-kirchheim.de\/?page_id=1346","title":{"rendered":"NEUES"},"content":{"rendered":"\r\n<h2 class=\"wp-block-heading\">Neuigkeiten, Aktuelles &#8230;<\/h2>\r\n\r\n\r\n\r\n<p class=\"has-vivid-red-color has-text-color has-link-color has-medium-font-size wp-elements-17addb3a81719d752ccd055da6384f35\"><strong>SCHNELLADER IM REZ AKTIVIERT !<\/strong><\/p>\r\n<p class=\"has-vivid-red-color has-text-color has-link-color has-medium-font-size\"><a href=\"https:\/\/www.rez.de\/news_de\/eintrag\/enbwschnellladestation_im_rez\" target=\"_blank\" rel=\"noopener\">https:\/\/www.rez.de\/news_de\/eintrag\/enbwschnellladestation_im_rez<\/a><\/p>\r\n\r\n\r\n\r\n<h2 class=\"wp-block-heading\"><strong><em>IG Energiewende Kirchheim proudly presents:<\/em><\/strong><\/h2>\r\n\r\n\r\n\r\n<figure class=\"wp-block-image size-full\"><img loading=\"lazy\" decoding=\"async\" width=\"628\" height=\"902\" class=\"wp-image-1187\" src=\"https:\/\/www.connerth.de\/ewk_wp\/wp-content\/uploads\/2023\/09\/WUFaus.jpg\" alt=\"\" srcset=\"https:\/\/www.energiewende-kirchheim.de\/wp-content\/uploads\/2023\/09\/WUFaus.jpg 628w, https:\/\/www.energiewende-kirchheim.de\/wp-content\/uploads\/2023\/09\/WUFaus-209x300.jpg 209w, https:\/\/www.energiewende-kirchheim.de\/wp-content\/uploads\/2023\/09\/WUFaus-17x24.jpg 17w, https:\/\/www.energiewende-kirchheim.de\/wp-content\/uploads\/2023\/09\/WUFaus-25x36.jpg 25w, https:\/\/www.energiewende-kirchheim.de\/wp-content\/uploads\/2023\/09\/WUFaus-33x48.jpg 33w\" sizes=\"auto, (max-width: 628px) 100vw, 628px\" \/><\/figure>\r\n\r\n\r\n\r\n<p><em>Lesung mit Jan Hegenberg aus dem Spiegel &#8211; Bestseller\u00a0<strong>\u201eWeltuntergang f\u00e4llt aus\u201c<\/strong>\u00a0<\/em><\/p>\r\n\r\n\r\n\r\n<p><em>am\u00a0<strong>Dienstag, 10. Oktober um 19 Uhr<\/strong>\u00a0in der Aula des Gymnasiums Kirchheim.<\/em><\/p>\r\n\r\n\r\n\r\n<p class=\"has-medium-font-size\">WELTUNTERGANG F\u00c4LLT AUS Lesung mit JAN HEGENBERG 10.10.2023, 19:00 Uhr Aula Gymnasium Kirchheim <strong>Eintritt 10\u20ac\/8\u20ac<\/strong> <strong>Vorverkauf: Buchladen Kirchheim,<\/strong> <strong>Teeladen Heimstetten, www.eventfrog.de<\/strong> IG Energiewende Kirchheim Mit freundlicher Unterst\u00fctzung der Harlander Stiftung; V.i.S.d.P. Rolf Siegel, Amperweg 21, 85551 Kirchheim<\/p>\r\n\r\n\r\n\r\n<p class=\"has-vivid-purple-color has-text-color\">\u00a0<\/p>\r\n\r\n\r\n\r\n<p><em>Wie wird die Welt im Jahr 2040 in Bezug auf fossile Brennstoffe, Mobilit\u00e4t und Ern\u00e4hrung aussehen? Und wie k\u00f6nnen wir die Energie- und Klimawende m\u00f6glichst schnell praktisch umsetzen?<\/em><\/p>\r\n\r\n\r\n\r\n<p><em>\u00a0Jan Hegenberg, besser bekannt unter seinem Twitter-Pseudonym\u00a0\u201eDer Graslutscher\u201c, setzt dem einen faktenbasierten Optimismus entgegen: In seinem Buch\u00a0<strong><mark class=\"has-inline-color has-vivid-red-color\">Weltuntergang f\u00e4llt\u00a0aus<\/mark><\/strong>\u00a0erkl\u00e4rt er, wie wir die Energiewende angehen k\u00f6nnen, welche anderen M\u00f6glichkeiten der regenerativen Stromerzeugung es neben Wind- und Solarkraft gibt und wie wir Energie effizient speichern k\u00f6nnen. Und das Wichtigste: Er macht das immerzu auf Augenh\u00f6he und verliert dabei nie seinen Humor. Das Buch zeigt so \u00fcberzeugend, wie wir schon 2040 klimaneutral leben k\u00f6nnen und weist s\u00e4mtliche Weltuntergangsszenarien in Sachen Klimawandel in die Schranken.\u00a0<\/em><\/p>\r\n\r\n\r\n\r\n<p>Das Buch wird direkt vor Ort erh\u00e4ltlich sein !<\/p>\r\n\r\n\r\n\r\n<h2 class=\"wp-block-heading\"><a href=\"https:\/\/www.abendzeitung-muenchen.de\/muenchen\/iaa-in-muenchen-an-welchen-orten-in-der-stadt-es-was-zu-sehen-gibt-art-925537\" target=\"_blank\" rel=\"noreferrer noopener\">IAA in M\u00dcNCHEN<\/a><\/h2>\r\n\r\n\r\n<hr class=\"wp-block-separator has-css-opacity is-style-default\" \/>\r\n\r\n\r\n<div class=\"wp-block-media-text is-stacked-on-mobile\">\r\n<figure class=\"wp-block-media-text__media\"><a href=\"https:\/\/derletztefuehrerscheinneuling.com\/2023\/08\/11\/kalifornien-genehmigt-waymo-und-cruise-robotaxis\/\" target=\"_blank\" rel=\"noreferrer noopener\"><img loading=\"lazy\" decoding=\"async\" width=\"1024\" height=\"487\" class=\"wp-image-1173 size-full\" src=\"https:\/\/www.connerth.de\/ewk_wp\/wp-content\/uploads\/2023\/08\/waymo-und-1024x487.png\" alt=\"\" srcset=\"https:\/\/www.energiewende-kirchheim.de\/wp-content\/uploads\/2023\/08\/waymo-und-1024x487.png 1024w, https:\/\/www.energiewende-kirchheim.de\/wp-content\/uploads\/2023\/08\/waymo-und-300x143.png 300w, https:\/\/www.energiewende-kirchheim.de\/wp-content\/uploads\/2023\/08\/waymo-und-768x365.png 768w, https:\/\/www.energiewende-kirchheim.de\/wp-content\/uploads\/2023\/08\/waymo-und-24x11.png 24w, https:\/\/www.energiewende-kirchheim.de\/wp-content\/uploads\/2023\/08\/waymo-und-36x17.png 36w, https:\/\/www.energiewende-kirchheim.de\/wp-content\/uploads\/2023\/08\/waymo-und-48x23.png 48w, https:\/\/www.energiewende-kirchheim.de\/wp-content\/uploads\/2023\/08\/waymo-und.png 1074w\" sizes=\"auto, (max-width: 1024px) 100vw, 1024px\" \/><\/a><\/figure>\r\n<div class=\"wp-block-media-text__content\">\r\n<p class=\"has-light-green-cyan-background-color has-background has-medium-font-size\"><a href=\"https:\/\/derletztefuehrerscheinneuling.com\/2023\/08\/11\/kalifornien-genehmigt-waymo-und-cruise-robotaxis\/\" target=\"_blank\" rel=\"noreferrer noopener\"><strong>Kalifornien genehmigt<\/strong><\/a> <a href=\"https:\/\/derletztefuehrerscheinneuling.com\/2023\/08\/11\/kalifornien-genehmigt-waymo-und-cruise-robotaxis\/\" target=\"_blank\" rel=\"noreferrer noopener\"><strong>Waymo und Cruise\u00a0Robotaxis<\/strong><\/a><\/p>\r\n<\/div>\r\n<\/div>\r\n\r\n\r\n\r\n<p>.<\/p>\r\n\r\n\r\n\r\n<h2 class=\"wp-block-heading has-luminous-vivid-amber-background-color has-background\">Kennen Sie schon die Fakten? Beim Thema Elektromobilit\u00e4t bestehen h\u00e4ufig noch einige Vorbehalte. <a href=\"https:\/\/www.elektromobilitaet.nrw\/privatnutzer\/fakten\/\" target=\"_blank\" rel=\"noreferrer noopener\">Daher finden Sie hier wichtige Informationen rund um die Elektromobilit\u00e4t.<\/a><\/h2>\r\n\r\n\r\n<div class=\"wp-block-image is-style-rounded\">\r\n<figure class=\"aligncenter size-large is-resized\"><img loading=\"lazy\" decoding=\"async\" width=\"1024\" height=\"650\" class=\"wp-image-1112\" src=\"https:\/\/www.connerth.de\/ewk_wp\/wp-content\/uploads\/2023\/06\/Tony_Seba_01-1160x736-1-1024x650.webp\" alt=\"\" srcset=\"https:\/\/www.energiewende-kirchheim.de\/wp-content\/uploads\/2023\/06\/Tony_Seba_01-1160x736-1-1024x650.webp 1024w, https:\/\/www.energiewende-kirchheim.de\/wp-content\/uploads\/2023\/06\/Tony_Seba_01-1160x736-1-300x190.webp 300w, https:\/\/www.energiewende-kirchheim.de\/wp-content\/uploads\/2023\/06\/Tony_Seba_01-1160x736-1-768x487.webp 768w, https:\/\/www.energiewende-kirchheim.de\/wp-content\/uploads\/2023\/06\/Tony_Seba_01-1160x736-1-24x15.webp 24w, https:\/\/www.energiewende-kirchheim.de\/wp-content\/uploads\/2023\/06\/Tony_Seba_01-1160x736-1-36x23.webp 36w, https:\/\/www.energiewende-kirchheim.de\/wp-content\/uploads\/2023\/06\/Tony_Seba_01-1160x736-1-48x30.webp 48w, https:\/\/www.energiewende-kirchheim.de\/wp-content\/uploads\/2023\/06\/Tony_Seba_01-1160x736-1.webp 1160w\" sizes=\"auto, (max-width: 1024px) 100vw, 1024px\" \/><\/figure>\r\n<\/div>\r\n\r\n\r\n<blockquote class=\"wp-block-quote has-text-align-center is-style-large is-layout-flow wp-block-quote-is-layout-flow\">\u201eIst die Energiewende verr\u00fcckt ? Lachen alle anderen Nationen \u00fcber uns ?\u201c \r\n\r\n<a href=\"https:\/\/youtu.be\/M-un3YBj66Q\" target=\"_blank\" rel=\"noreferrer noopener\">Ein spannendes YouTube Video<\/a> &#8230;.. <a href=\"http:\/\/www.connerth.de\/ewk\/daten\/Energiewende.pdf\" target=\"_blank\" rel=\"noreferrer noopener\"> Hier zum Nachlesen mit Zusatzinfos<\/a> <cite>Stefan Lenz &#8211; Elektromobilit\u00e4t und PHEV<\/cite><\/blockquote>\r\n\r\n\r\n<hr class=\"wp-block-separator has-css-opacity is-style-default\" \/>\r\n\r\n\r\n<h1 class=\"wp-block-heading has-luminous-vivid-amber-background-color has-background\">MAN NEWS<\/h1>\r\n\r\n\r\n\r\n<h3 class=\"wp-block-heading\"><a href=\"https:\/\/ecomento.de\/2023\/06\/22\/man-ceo-die-e-mobilitaet-kommt-jetzt-die-technologie-ist-reif-und-am-effizientesten\/\" target=\"_blank\" rel=\"noreferrer noopener\">MAN-CEO: \u201eDie E-Mobilit\u00e4t kommt jetzt. Die Technologie ist reif und am effizientesten.\u201c<\/a><\/h3>\r\n\r\n\r\n\r\n<h2 class=\"wp-block-heading has-light-green-cyan-background-color has-background\">Zulassungsstatistik vom KBA<\/h2>\r\n\r\n\r\n\r\n<p><a href=\"https:\/\/www.connerth.de\/ewk_wp\/?page_id=589\" target=\"_blank\" rel=\"noreferrer noopener\">Neueste Daten vo<\/a><a href=\"https:\/\/www.connerth.de\/ewk_wp\/?page_id=589\">n 20<\/a><a href=\"https:\/\/www.connerth.de\/ewk_wp\/?page_id=589\" target=\"_blank\" rel=\"noreferrer noopener\">22<\/a><\/p>\r\n\r\n\r\n\r\n<h2 class=\"wp-block-heading\">Veranstaltung BALKONSOLAR vom 9.2.23<\/h2>\r\n\r\n\r\n\r\n<p><a href=\"https:\/\/www.connerth.de\/ewk_wp\/?page_id=264\">zum Download<\/a><\/p>\r\n\r\n\r\n\r\n<h2 class=\"wp-block-heading\">REZ-Energiewendethemen Heimstetten<\/h2>\r\n\r\n\r\n\r\n<p><a href=\"https:\/\/www.rez.de\/news_de\/eintrag\/energiewende_im_rez\" target=\"_blank\" rel=\"noreferrer noopener\">Hier viele Infos zu den aktuellen Projekten<\/a><\/p>\r\n\r\n\r\n\r\n<h2 class=\"wp-block-heading\">Wohin nur mit dem Windrad?<\/h2>\r\n\r\n\r\n\r\n<p><a href=\"https:\/\/www.merkur.de\/lokales\/muenchen-lk\/kirchheim-ort43310\/kirchheim-wohin-nur-mit-dem-windrad-moegliche-flaechen-stehen-jetzt-fest-landwirte-haben-eine-bitte-92067053.html\" target=\"_blank\" rel=\"noreferrer noopener\">M\u00f6gliche Fl\u00e4chen stehen jetzt fest &#8211; Landwirte haben eine Bitte<\/a><\/p>\r\n\r\n\r\n\r\n<h2 class=\"wp-block-heading\">Schluss mit der Blockadehaltung bei Windkraft SZ Artikel<\/h2>\r\n\r\n\r\n\r\n<p><a href=\"https:\/\/www.sueddeutsche.de\/muenchen\/landkreismuenchen\/garching-bayern-windkraft-csu-kommentar-1.5752987\" target=\"_blank\" rel=\"noreferrer noopener\">Schluss mit der Blockadehaltung bei Windkraft SZ Artikel<\/a><\/p>\r\n\r\n\r\n\r\n<h2 class=\"wp-block-heading\">60.000 \u20ac f\u00fcr noch besseren Klimaschutz<\/h2>\r\n\r\n\r\n\r\n<p><a href=\"https:\/\/www.merkur.de\/lokales\/muenchen-lk\/aschheim-ort28228\/aschheim-was-muss-eigentlich-noch-passieren-gruene-wuenschen-sich-klimaschutzmanager-mehrheit-lehnt-stelle-ab-92022116.html\" target=\"_blank\" rel=\"noreferrer noopener\">Klimaschutzmanager gew\u00fcnscht<\/a><\/p>\r\n\r\n\r\n\r\n<h2 class=\"wp-block-heading\">PV Ertrag online berechnen<\/h2>\r\n\r\n<p><a href=\"https:\/\/solar.htw-berlin.de\/rechner\/stecker-solar-simulator\/\" target=\"_blank\" rel=\"noopener\">https:\/\/solar.htw-berlin.de\/rechner\/stecker-solar-simulator\/<\/a><\/p>\r\n\r\n<h5 class=\"wp-block-heading\">Dieser Rechner zeigt Ihnen, wie viel Strom und Geld Sie mit ei\u00adnem Stecker\u00adsolar\u00adger\u00e4t am Balkon, an der Haus\u00adwand oder auf dem Dach ein\u00adsparen.<\/h5>\r\n\r\n<h2>Ein zweiter Be-Rechner\u00a0 <a href=\"https:\/\/www.solarserver.de\/pv-anlage-online-berechnen\/\" target=\"_blank\" rel=\"noopener\">hier\u00a0<\/a><\/h2>\r\n\r\n<h2 class=\"wp-block-heading\">Liste der Photovoltaik Fachbetriebe<\/h2>\r\n\r\n<p>Hallo, zusammen, anbei der Link zur<a href=\"http:\/\/www.connerth.de\/daten\/2022-08-04_Firmenliste Photovoltaik_EA-EBE-M.pdf\" target=\"_blank\" rel=\"noreferrer noopener\"> Liste der Photovoltaik-Fachbetriebe<\/a>, die beraten und ausf\u00fchren k\u00f6nnen. Vielen Dank an die Energieagentur Ebersberg !<\/p>\r\n\r\n<h2 class=\"wp-block-heading\">Photovoltaik Infoveranstaltung in Kirchheim am 09.11.2022<\/h2>\r\n\r\n<p class=\"has-luminous-vivid-amber-background-color has-background has-medium-font-size\">Leitfaden zur eigenen PV-Anlage <a href=\"http:\/\/www.connerth.de\/ewk\/daten\/2022-11-07_PV-Infoveranstaltung%20Kirchheim_Basisvortrag_AN.pdf\" target=\"_blank\" rel=\"noreferrer noopener\"><strong>Unterlage als PDF<\/strong><\/a><\/p>\r\n\r\n<p class=\"has-light-green-cyan-background-color has-background has-medium-font-size\">\u00a0<\/p>\r\n\r\n\r\n\r\n<h2 class=\"wp-block-heading has-light-green-cyan-background-color has-background has-medium-font-size\"><a href=\"https:\/\/www.beng-eg.de\/\">B\u00fcrgerenergiegenossenschaft BENG eG <\/a> &#8230; PDF: <a href=\"http:\/\/www.connerth.de\/ewk\/daten\/2022-11-09 Photovoltaik_BENG-eG.pdf\" target=\"_blank\" rel=\"noreferrer noopener\">PV-Anlage Caritas Kinderkrippe<\/a><\/h2>\r\n\r\n\r\n\r\n<h2 class=\"wp-block-heading\">Lades\u00e4ulen initiieren &#8211; ein Versuch<\/h2>\r\n\r\n<p>Hab mal an REWE geschrieben&#8230; wegen diesem Markt hier: https:\/\/goo.gl\/maps\/azAkxBvrPH4WnU326 warum ? Darum: https:\/\/ecomento.de\/2022\/10\/25\/erster-enbw-schnellladestandort-an-rewe-markt-in-betrieb\/ &#8230; Jeder kann ein bisschen beitragen, finde ich..: &#8230;Hallo REWE, hab schon in den Rezensionen vermeldet, wenn DA ( gleich in BAB N\u00e4he ! besser geht\u00b4s doch gar nicht, oder ..? ) &#8211; Lades\u00e4ulen stehen, dann fr\u00fchst\u00fccke ich auch gleich auf dem Weg zur Arbeit, beim Laden&#8230; und nehm\u00b4 noch was zum Mittagessen mit&#8230; ;-)) sonst geh ich auch noch immer abends vor 8 noch schnell einkaufen&#8230;. Da wird der Aufenthalt l\u00e4nger.. Sonst muss ich ja immer zum EDEKA SIMMEL in Unterhaching bei meiner Arbeit ( 24 ENBW Ladepunkte !!! ) reingehen und da meine Ladezeit mit Einkaufen verbringen&#8230; SIE entscheiden&#8230; <strong>GO !!<\/strong><\/p>\r\n\r\n<h2 class=\"wp-block-heading\">Balkonkraftwerk Sammelbestellung Feldkirchen<\/h2>\r\n\r\n<div>Liebe Mitstreiter:innen bei der Energiewende in Kirchheim,<\/div>\r\n<div>\u00a0<\/div>\r\n<div>ich war heute bei Ewald\u00a0Edelsbrunner, bei dem ich vor einiger Zeit bei der Vorstellung seines Balkonkraftwerks in Feldkirchen war.<\/div>\r\n<div>\u00a0<\/div>\r\n<div>Wenn nichts dazwischen kommt, wird er am 9.11. bei unserer Veranstaltung dabei sein !!<\/div>\r\n<div>\u00a0<\/div>\r\n<div>Ich hatte heute ein gutes Gespr\u00e4ch mit ihm. Dabei habe ich auch erfahren, dass\u00a0<strong>gerade eine Sammelbestellung f\u00fcr Balkonmodule<\/strong>, &#8230;. in Erstellung ist. Wer sich kurzfristig entscheiden, bitte das Bestellformular ausf\u00fcllen und wie unten angegeben an\u00a0<a class=\"mailto-link\" href=\"mailto:ralf_miede@web.de\" target=\"_blank\" rel=\"noopener\">ralf_miede@web.de<\/a>\u00a0schicken. Ich werde mich auf jeden Fall gleich daran beteiligen. Wenn ihr jemand kennt, der Interesse hat bitte einfach weiterleiten. Die Zeit dr\u00e4ngt. Die Bestellungen sollten\u00a0<strong>bis Donnerstag<\/strong>\u00a0vorliegen.<\/div>\r\n<div>\u00a0<\/div>\r\n<div>Viele Gr\u00fc\u00dfe<\/div>\r\n<div>Rolf<\/div>\r\n<div>\u00a0<\/div>\r\n<div><a href=\"https:\/\/krummeck.ddns.net\/wordpress\/wp-content\/uploads\/2022\/10\/Bestellformular-RSF.pdf\">Bestellformular-RSF<\/a><\/div>\r\n<div><a href=\"https:\/\/krummeck.ddns.net\/wordpress\/wp-content\/uploads\/2022\/10\/Datasheet_HM-600-700-800_EU_EN_V202110.pdf\">Datasheet_HM-600-700-800_EU_EN_V202110<\/a><\/div>\r\n<div><a href=\"https:\/\/krummeck.ddns.net\/wordpress\/wp-content\/uploads\/2022\/10\/Vertex-S.pdf\">Vertex S<\/a><\/div>\r\n\r\n<h2 class=\"wp-block-heading\">Termin 9.11. mit mehr als 120 Besuchern<\/h2>\r\n\r\n\r\n\r\n<p>Der Termin am 9.11. wurde besucht von ca. 120 Besuchern, die sich f\u00fcr das Thema SOLAR \u2013 Photovoltaik, und Balkonkraftwerk interessierten.<\/p>\r\n\r\n\r\n\r\n<p><strong>Von den Vortr\u00e4gen werden wir hier Unterlagen ablegen in den n\u00e4chsten Tagen.<\/strong><\/p>\r\n\r\n\r\n\r\n<p>Bitte schreiben Sie uns, wenn Sie hierzu informiert werden wollen, oder schauen Sie noch ein mal n\u00e4chste Woche hier vorbei..!<\/p>\r\n\r\n\r\n\r\n<p>Das\u00a0<strong>Thema Balkonkraftwerk<\/strong>\u00a0hatte noch nach den Vortr\u00e4gen f\u00fcr eine fast einst\u00fcndige Diskussion um das ausgestellte Solarpanel gesorgt, hier gibt es viel Informationsbedarf.<\/p>\r\n\r\n\r\n\r\n<p>Bitte schreiben Sie uns auch, was Sie , hier in der Gemeinde Kirchheim-Heimstetten, noch dar\u00fcber hinaus interessiert.<\/p>\r\n\r\n\r\n\r\n<p>Wir bem\u00fchen uns, die noch junge Webseite zu aktualisieren und regelm\u00e4\u00dfig neue Infos zur Verf\u00fcgung zu stellen.\u00a0 Angedacht ist auch ein Adress-Pool, in dem Handwerker und Fachleute aufgef\u00fchrt sind zu den Themen.<\/p>\r\n\r\n\r\n\r\n<p>Wir w\u00fcrden uns dar\u00fcber hinaus freuen, wenn Sie bei unseren Treffen , die meist \u201eIm Kelten\u201c in Heimstetten stattfinden, dabei seil wollen, um ihre Fragen dort zu stellen.<\/p>\r\n\r\n\r\n\r\n<p>Bitte schauen Sie einfach unregelm\u00e4\u00dfig hier vorbei f\u00fcr die Terminank\u00fcndigung!<\/p>\r\n\r\n\r\n\r\n<p>Auf alle F\u00e4lle wollen wir allen Interessenten danken f\u00fcr ihr Interesse und Geduld :<\/p>\r\n\r\n\r\n\r\n<p><strong>Vielen Dank , das Sie sich am 9.11. die Zeit genommen haben, um sich zu informieren !<\/strong><\/p>\r\n","protected":false},"excerpt":{"rendered":"<p>Neuigkeiten, Aktuelles &#8230; SCHNELLADER IM REZ AKTIVIERT ! https:\/\/www.rez.de\/news_de\/eintrag\/enbwschnellladestation_im_rez IG Energiewende Kirchheim proudly presents: Lesung mit Jan Hegenberg aus dem Spiegel &#8211; Bestseller\u00a0\u201eWeltuntergang f\u00e4llt aus\u201c\u00a0 am\u00a0Dienstag, 10. Oktober um 19 [&hellip;]<\/p>\n","protected":false},"author":2,"featured_media":0,"parent":0,"menu_order":0,"comment_status":"closed","ping_status":"closed","template":"","meta":{"footnotes":""},"class_list":["post-1346","page","type-page","status-publish","hentry","entry"],"_links":{"self":[{"href":"https:\/\/www.energiewende-kirchheim.de\/index.php?rest_route=\/wp\/v2\/pages\/1346","targetHints":{"allow":["GET"]}}],"collection":[{"href":"https:\/\/www.energiewende-kirchheim.de\/index.php?rest_route=\/wp\/v2\/pages"}],"about":[{"href":"https:\/\/www.energiewende-kirchheim.de\/index.php?rest_route=\/wp\/v2\/types\/page"}],"author":[{"embeddable":true,"href":"https:\/\/www.energiewende-kirchheim.de\/index.php?rest_route=\/wp\/v2\/users\/2"}],"replies":[{"embeddable":true,"href":"https:\/\/www.energiewende-kirchheim.de\/index.php?rest_route=%2Fwp%2Fv2%2Fcomments&post=1346"}],"version-history":[{"count":4,"href":"https:\/\/www.energiewende-kirchheim.de\/index.php?rest_route=\/wp\/v2\/pages\/1346\/revisions"}],"predecessor-version":[{"id":1350,"href":"https:\/\/www.energiewende-kirchheim.de\/index.php?rest_route=\/wp\/v2\/pages\/1346\/revisions\/1350"}],"wp:attachment":[{"href":"https:\/\/www.energiewende-kirchheim.de\/index.php?rest_route=%2Fwp%2Fv2%2Fmedia&parent=1346"}],"curies":[{"name":"wp","href":"https:\/\/api.w.org\/{rel}","templated":true}]}}