{"id":124,"date":"2022-10-09T15:07:10","date_gmt":"2022-10-09T13:07:10","guid":{"rendered":"https:\/\/krummeck.ddns.net\/wordpress\/?page_id=124"},"modified":"2023-01-06T11:11:12","modified_gmt":"2023-01-06T10:11:12","slug":"solar","status":"publish","type":"page","link":"https:\/\/www.energiewende-kirchheim.de\/?page_id=124","title":{"rendered":"Solar"},"content":{"rendered":"\n<h2 class=\"wp-block-heading\"><br>Wichtige Meldung:<\/h2>\n\n\n\n<h2 class=\"wp-block-heading\">Aufhebung der Einspeisebegrenzung (EnSiG 3.0)<br><br>Am 7. Oktober 2022 hat der Bundesrat die Novelle des Energiesicherungsgesetzes \u2013 EnSiG 3.0 \u2013 final beschlossen. Die wichtigste \u00c4nderung aus Sicht der PV-Anlagenbetreiber: Die pauschale Begrenzung der Einspeiseleistung auf 70 % der installierten PV-Leistung f\u00e4llt f\u00fcr neue und f\u00fcr einen Teil der Bestandsanlagen weg.<br><br>Eine nicht gedrosselte Einspeisung ins Netz ist k\u00fcnftig nach dem EnSiG 3.0 m\u00f6glich f\u00fcr:<br><br>Systeme mit einem Inbetriebnahme-Datum ab dem 15.09.2022<br><br>Alle Bestandssysteme mit einer installierten Leistung von maximal 7 kWp<br><br>Bestandssysteme mit&nbsp;Inbetriebnahme vor dem 15.09.2022&nbsp;und mit einer installierten Leistung&nbsp;von mehr als 7 kWp und bis 25 kWp \u2013&nbsp;allerdings erst nach dem&nbsp;Einbau eines intelligenten Messystems&nbsp;(iMSys). F\u00fcr die Aufhebung ist bei diesen Anlagen zudem eine offizielle Best\u00e4tigung des zust\u00e4ndigen Netzbetreibers erforderlich.<br>&nbsp;<\/h2>\n\n\n\n<p class=\"has-medium-font-size\"><a href=\"http:\/\/www.connerth.de\/ewk\/daten\/2022-11-07_PV-Infoveranstaltung Kirchheim_Basisvortrag_AN.pdf\" target=\"_blank\" rel=\"noopener\" data-wplink-url-error=\"true\">Leitfaden zur eigenen PV &#8211; Anlage<\/a><br>Photovoltaik Infos zur Infoveranstaltung in Kirchheim am 09.11.2022 als PDF Download<\/p>\n\n\n\n<h2 class=\"wp-block-heading\"><a href=\"https:\/\/www.beng-eg.de\/\" target=\"_blank\" rel=\"noreferrer noopener\">B\u00fcrgerenergiegenossenschaft BENG eG<\/a><\/h2>\n\n\n\n<h2 class=\"wp-block-heading\"><a href=\"http:\/\/www.connerth.de\/ewk\/daten\/2022-11-09 Photovoltaik_BENG-eG.pdf\" target=\"_blank\" rel=\"noreferrer noopener\"> Vortrag auf der Infoveranstaltung in Kirchheim am 09.11.2022 als PDF Download<\/a><\/h2>\n\n\n\n<p class=\"has-medium-font-size\">PV-Anlage      Caritas Kinderkrippe       St. Christophorus        Kirchheim-Heimstetten<\/p>\n\n\n\n<h2 class=\"wp-block-heading\">.<\/h2>\n\n\n\n<h3 class=\"wp-block-heading\"><span style=\"color: #993300;\">BATTERIEN<\/span><\/h3>\n\n\n\n<ul class=\"wp-block-list\">\n<li><a style=\"display: inline; cursor: pointer; font-size: 1.125rem; letter-spacing: inherit; text-transform: inherit; border-style: solid; font-style: initial; user-select: none; text-align: inherit; border-radius: 0px; align-self: flex-start; stroke: none; background-image: none; color: #111111 !important; border-color: transparent !important;\" href=\"https:\/\/youtu.be\/IqjUp1iKNRY\" target=\"_blank\" rel=\"noopener\">Erste Gigafactory f\u00fcr intelligente Batteriespeicher<\/a><\/li>\n<\/ul>\n\n\n\n<p>.<\/p>\n\n\n\n<p>.<\/p>\n\n\n\n<h3 class=\"wp-block-heading\"><a style=\"display: inline; cursor: pointer; font-size: inherit; letter-spacing: inherit; text-transform: inherit; font-weight: bold; border-style: none; font-style: initial; user-select: none; text-align: inherit; border-radius: 0px; align-self: flex-start; stroke: none; background-image: none; box-shadow: rgba(0, 0, 0, 0.4) 5px 5px 20px 0px; color: #425465 !important; border-color: transparent !important;\" href=\"https:\/\/youtu.be\/tNRNN7fZq_g\" target=\"_blank\" rel=\"noopener\">W\u00e4rmepumpe &#8211; Der erste Winter<\/a><\/h3>\n\n\n\n<h3 class=\"wp-block-heading\"><span style=\"color: #ff0000;\">SOLAR<\/span><\/h3>\n\n\n\n<ul class=\"wp-block-list\">\n<li><span style=\"color: #ff0000;\"><a style=\"display: inline; cursor: pointer; font-size: 1.125rem; letter-spacing: inherit; text-transform: inherit; border-style: solid; font-style: initial; user-select: none; text-align: inherit; border-radius: 0px; align-self: flex-start; stroke: none; background-image: none; color: #ff0000; border-color: transparent !important;\" href=\"https:\/\/youtu.be\/jjt-DYRiojA\" target=\"_blank\" rel=\"noopener\">Y 600W Windkraft \/ 13kW Solaranlage \/ 10kWh Batterie<\/a><\/span><\/li>\n\n\n\n<li><span style=\"color: #ff0000;\"><a style=\"display: inline; cursor: pointer; font-size: inherit; letter-spacing: inherit; text-transform: inherit; border-style: solid; font-style: initial; user-select: none; text-align: inherit; border-radius: 0px; align-self: flex-start; stroke: none; background-image: none; color: #ff0000; border-color: transparent !important;\" href=\"https:\/\/youtu.be\/u5AHvMADN_I\" target=\"_blank\" rel=\"noopener\">DIY Solaranlage Amortisation = 4 Jahre<\/a><\/span><\/li>\n<\/ul>\n\n\n\n<p>.<\/p>\n\n\n\n<h3 class=\"wp-block-heading\"><strong><span style=\"color: #3366ff;\">WIND<\/span><\/strong><\/h3>\n\n\n\n<ul class=\"wp-block-list\">\n<li><a style=\"display: inline; cursor: pointer; font-size: 1.25rem; letter-spacing: inherit; text-transform: inherit; border-style: solid; margin-right: auto; margin-left: auto; font-style: initial; user-select: none; text-align: inherit; border-radius: 0px; align-self: flex-start; stroke: none; background-image: none; color: #111111 !important; border-color: transparent !important;\" href=\"https:\/\/youtu.be\/cviOWSMrCUI\" target=\"_blank\" rel=\"noopener\"><span style=\"color: #3366ff;\">Windpark Handalm&nbsp; Steiermark&nbsp;<\/span><br><\/a><\/li>\n\n\n\n<li><span style=\"color: #3366ff;\"><a style=\"display: inline; cursor: pointer; font-size: 1.125rem; letter-spacing: inherit; text-transform: inherit; border-style: none; font-style: initial; user-select: none; text-align: inherit; border-radius: 0px; align-self: flex-start; stroke: none; background-image: none; color: #3366ff; border-color: transparent !important;\" href=\"https:\/\/youtu.be\/nZIwjmTuW_4\" target=\"_blank\" rel=\"noopener\">WINDKRAFT: HABECK und Lemke bringen frischen Wind<\/a><\/span><\/li>\n<\/ul>\n","protected":false},"excerpt":{"rendered":"<p>Wichtige Meldung: Aufhebung der Einspeisebegrenzung (EnSiG 3.0) Am 7. Oktober 2022 hat der Bundesrat die Novelle des Energiesicherungsgesetzes \u2013 EnSiG 3.0 \u2013 final beschlossen. Die wichtigste \u00c4nderung aus Sicht der [&hellip;]<\/p>\n","protected":false},"author":2,"featured_media":0,"parent":0,"menu_order":0,"comment_status":"closed","ping_status":"closed","template":"","meta":{"footnotes":""},"class_list":["post-124","page","type-page","status-publish","hentry","entry"],"_links":{"self":[{"href":"https:\/\/www.energiewende-kirchheim.de\/index.php?rest_route=\/wp\/v2\/pages\/124","targetHints":{"allow":["GET"]}}],"collection":[{"href":"https:\/\/www.energiewende-kirchheim.de\/index.php?rest_route=\/wp\/v2\/pages"}],"about":[{"href":"https:\/\/www.energiewende-kirchheim.de\/index.php?rest_route=\/wp\/v2\/types\/page"}],"author":[{"embeddable":true,"href":"https:\/\/www.energiewende-kirchheim.de\/index.php?rest_route=\/wp\/v2\/users\/2"}],"replies":[{"embeddable":true,"href":"https:\/\/www.energiewende-kirchheim.de\/index.php?rest_route=%2Fwp%2Fv2%2Fcomments&post=124"}],"version-history":[{"count":28,"href":"https:\/\/www.energiewende-kirchheim.de\/index.php?rest_route=\/wp\/v2\/pages\/124\/revisions"}],"predecessor-version":[{"id":796,"href":"https:\/\/www.energiewende-kirchheim.de\/index.php?rest_route=\/wp\/v2\/pages\/124\/revisions\/796"}],"wp:attachment":[{"href":"https:\/\/www.energiewende-kirchheim.de\/index.php?rest_route=%2Fwp%2Fv2%2Fmedia&parent=124"}],"curies":[{"name":"wp","href":"https:\/\/api.w.org\/{rel}","templated":true}]}}